
{"id":376,"date":"2022-06-26T06:04:01","date_gmt":"2022-06-26T04:04:01","guid":{"rendered":"https:\/\/alz.pm\/web2\/acerca-de\/"},"modified":"2025-04-29T09:05:09","modified_gmt":"2025-04-29T07:05:09","slug":"acerca-de","status":"publish","type":"page","link":"https:\/\/alz.pm\/es\/","title":{"rendered":"Acerca de"},"content":{"rendered":"\t\t<div data-elementor-type=\"wp-post\" data-elementor-id=\"376\" class=\"elementor elementor-376 elementor-11\" data-elementor-post-type=\"page\">\n\t\t\t\t\t\t<section class=\"elementor-section elementor-top-section elementor-element elementor-element-aad84ba elementor-section-boxed elementor-section-height-default elementor-section-height-default\" data-id=\"aad84ba\" data-element_type=\"section\" data-e-type=\"section\">\n\t\t\t\t\t\t<div class=\"elementor-container elementor-column-gap-default\">\n\t\t\t\t\t<div class=\"elementor-column elementor-col-100 elementor-top-column elementor-element elementor-element-ea2e3ab\" data-id=\"ea2e3ab\" data-element_type=\"column\" data-e-type=\"column\">\n\t\t\t<div class=\"elementor-widget-wrap elementor-element-populated\">\n\t\t\t\t\t\t<section class=\"elementor-section elementor-inner-section elementor-element elementor-element-696ccae elementor-section-boxed elementor-section-height-default elementor-section-height-default\" data-id=\"696ccae\" data-element_type=\"section\" data-e-type=\"section\">\n\t\t\t\t\t\t<div class=\"elementor-container elementor-column-gap-default\">\n\t\t\t\t\t<div class=\"elementor-column elementor-col-50 elementor-inner-column elementor-element elementor-element-1647a59\" data-id=\"1647a59\" data-element_type=\"column\" data-e-type=\"column\">\n\t\t\t<div class=\"elementor-widget-wrap elementor-element-populated\">\n\t\t\t\t\t\t<div class=\"elementor-element elementor-element-81e9eb0 elementor-widget elementor-widget-image\" data-id=\"81e9eb0\" data-element_type=\"widget\" data-e-type=\"widget\" data-widget_type=\"image.default\">\n\t\t\t\t<div class=\"elementor-widget-container\">\n\t\t\t\t\t\t\t\t\t\t\t\t\t\t\t<img fetchpriority=\"high\" decoding=\"async\" width=\"225\" height=\"300\" src=\"https:\/\/alz.pm\/wp-content\/uploads\/2022\/06\/ALZ3-225x300.jpg\" class=\"attachment-medium size-medium wp-image-354\" alt=\"\" srcset=\"https:\/\/alz.pm\/wp-content\/uploads\/2022\/06\/ALZ3-225x300.jpg 225w, https:\/\/alz.pm\/wp-content\/uploads\/2022\/06\/ALZ3-768x1024.jpg 768w, https:\/\/alz.pm\/wp-content\/uploads\/2022\/06\/ALZ3-1152x1536.jpg 1152w, https:\/\/alz.pm\/wp-content\/uploads\/2022\/06\/ALZ3-1536x2048.jpg 1536w, https:\/\/alz.pm\/wp-content\/uploads\/2022\/06\/ALZ3-scaled-e1656218258653.jpg 200w\" sizes=\"(max-width: 225px) 100vw, 225px\" \/>\t\t\t\t\t\t\t\t\t\t\t\t\t\t\t<\/div>\n\t\t\t\t<\/div>\n\t\t\t\t<div class=\"elementor-element elementor-element-039ee26 elementor-shape-circle elementor-grid-0 e-grid-align-center elementor-widget elementor-widget-social-icons\" data-id=\"039ee26\" data-element_type=\"widget\" data-e-type=\"widget\" data-widget_type=\"social-icons.default\">\n\t\t\t\t<div class=\"elementor-widget-container\">\n\t\t\t\t\t\t\t<div class=\"elementor-social-icons-wrapper elementor-grid\" role=\"list\">\n\t\t\t\t\t\t\t<span class=\"elementor-grid-item\" role=\"listitem\">\n\t\t\t\t\t<a class=\"elementor-icon elementor-social-icon elementor-social-icon-linkedin elementor-repeater-item-297098f\" href=\"https:\/\/www.linkedin.com\/in\/angellinareszapater\/\" target=\"_blank\">\n\t\t\t\t\t\t<span class=\"elementor-screen-only\">Linkedin<\/span>\n\t\t\t\t\t\t<i aria-hidden=\"true\" class=\"fab fa-linkedin\"><\/i>\t\t\t\t\t<\/a>\n\t\t\t\t<\/span>\n\t\t\t\t\t\t\t<span class=\"elementor-grid-item\" role=\"listitem\">\n\t\t\t\t\t<a class=\"elementor-icon elementor-social-icon elementor-social-icon-twitter elementor-repeater-item-3a663ed\" href=\"https:\/\/twitter.com\/ALinaresZ\" target=\"_blank\">\n\t\t\t\t\t\t<span class=\"elementor-screen-only\">Twitter<\/span>\n\t\t\t\t\t\t<i aria-hidden=\"true\" class=\"fab fa-twitter\"><\/i>\t\t\t\t\t<\/a>\n\t\t\t\t<\/span>\n\t\t\t\t\t\t\t<span class=\"elementor-grid-item\" role=\"listitem\">\n\t\t\t\t\t<a class=\"elementor-icon elementor-social-icon elementor-social-icon-github elementor-repeater-item-a78c69b\" href=\"https:\/\/github.com\/ALinaresZ\" target=\"_blank\">\n\t\t\t\t\t\t<span class=\"elementor-screen-only\">Github<\/span>\n\t\t\t\t\t\t<i aria-hidden=\"true\" class=\"fab fa-github\"><\/i>\t\t\t\t\t<\/a>\n\t\t\t\t<\/span>\n\t\t\t\t\t<\/div>\n\t\t\t\t\t\t<\/div>\n\t\t\t\t<\/div>\n\t\t\t\t\t<\/div>\n\t\t<\/div>\n\t\t\t\t<div class=\"elementor-column elementor-col-50 elementor-inner-column elementor-element elementor-element-4663da3\" data-id=\"4663da3\" data-element_type=\"column\" data-e-type=\"column\">\n\t\t\t<div class=\"elementor-widget-wrap elementor-element-populated\">\n\t\t\t\t\t\t<div class=\"elementor-element elementor-element-dd5ca13 elementor-widget elementor-widget-text-editor\" data-id=\"dd5ca13\" data-element_type=\"widget\" data-e-type=\"widget\" data-widget_type=\"text-editor.default\">\n\t\t\t\t<div class=\"elementor-widget-container\">\n\t\t\t\t\t\t\t\t\t<p>\u00c1ngel Linares es Ingeniero en Inform\u00e1tica, con un m\u00e1ster universitario en Seguridad de las TIC y certificaciones profesionales en gesti\u00f3n de proyectos (PMP), Scrum framework (PSM I), gesti\u00f3n de servicios TI (ITIL) y seguridad en el cloud (AWS Security).<\/p>\n<p>Con m\u00e1s de 35 a\u00f1os de experiencia profesional en ingenier\u00eda del software, gesti\u00f3n de proyectos TI y en gesti\u00f3n empresarial en el \u00e1mbito de las Tecnolog\u00edas de la Informaci\u00f3n, trabaja con equipos y empresas para llevar sus proyectos TI desde la idea hasta producci\u00f3n con la combinaci\u00f3n adecuada de conocimientos t\u00e9cnicos actualizados, mentalidad de negocio y simple sentido com\u00fan.<\/p>\n<p>Tras empezar trabajando como desarrollador de software, ha ocupado puestos de responsabilidad en la planificaci\u00f3n y desarrollo de proyectos TI en varias compa\u00f1\u00edas. Tambi\u00e9n puso en marcha y gestion\u00f3 una empresa de servicios TI en el \u00e1rea de Barcelona durante 18 a\u00f1os. Anteriormente, a principios de los 90, puso en marcha un proyecto punto-com. Adem\u00e1s de sus obligaciones profesionales, participa en el desarrollo y gesti\u00f3n de proyectos de c\u00f3digo abierto.   <\/p>\n<p>Perpetuo estudiante de inform\u00e1tica, ciencias y gesti\u00f3n empresarial, tambi\u00e9n ha colaborado como profesor asociado en la <em>Universitat Polit\u00e8cnica de Catalunya<\/em> (UPC) impartiendo clases en el \u00e1mbito de la planificaci\u00f3n, desarrollo y gesti\u00f3n de proyectos de sistemas de informaci\u00f3n en la Facultad de Inform\u00e1tica de Barcelona. Actualmente es profesor consultor en la <em>Universitat Oberta de Catalunya<\/em> (UOC), dirigiendo trabajos de final de m\u00e1ster en el M\u00e1ster en Seguridad de las TIC.<\/p>\n<p>Realiza sus actividades de planificaci\u00f3n y de desarrollo de proyectos TI como consultor externo o como empleado seg\u00fan las necesidades del proyecto, de forma totalmente remota a nivel internacional o presencial en Barcelona.<\/p>\t\t\t\t\t\t\t\t<\/div>\n\t\t\t\t<\/div>\n\t\t\t\t\t<\/div>\n\t\t<\/div>\n\t\t\t\t\t<\/div>\n\t\t<\/section>\n\t\t\t\t\t<\/div>\n\t\t<\/div>\n\t\t\t\t\t<\/div>\n\t\t<\/section>\n\t\t\t\t<\/div>\n\t\t","protected":false},"excerpt":{"rendered":"<p>Linkedin Twitter Github \u00c1ngel Linares es Ingeniero en Inform\u00e1tica, con un m\u00e1ster universitario en Seguridad de las TIC y certificaciones profesionales en gesti\u00f3n de proyectos (PMP), Scrum framework (PSM I), gesti\u00f3n de servicios TI (ITIL) y seguridad en el cloud (AWS Security). Con m\u00e1s de 35 a\u00f1os de experiencia profesional en ingenier\u00eda del software, gesti\u00f3n [&hellip;]<\/p>\n","protected":false},"author":1,"featured_media":0,"parent":0,"menu_order":0,"comment_status":"closed","ping_status":"closed","template":"elementor_header_footer","meta":{"footnotes":""},"class_list":["post-376","page","type-page","status-publish","hentry"],"_links":{"self":[{"href":"https:\/\/alz.pm\/es\/wp-json\/wp\/v2\/pages\/376","targetHints":{"allow":["GET"]}}],"collection":[{"href":"https:\/\/alz.pm\/es\/wp-json\/wp\/v2\/pages"}],"about":[{"href":"https:\/\/alz.pm\/es\/wp-json\/wp\/v2\/types\/page"}],"author":[{"embeddable":true,"href":"https:\/\/alz.pm\/es\/wp-json\/wp\/v2\/users\/1"}],"replies":[{"embeddable":true,"href":"https:\/\/alz.pm\/es\/wp-json\/wp\/v2\/comments?post=376"}],"version-history":[{"count":13,"href":"https:\/\/alz.pm\/es\/wp-json\/wp\/v2\/pages\/376\/revisions"}],"predecessor-version":[{"id":1148,"href":"https:\/\/alz.pm\/es\/wp-json\/wp\/v2\/pages\/376\/revisions\/1148"}],"wp:attachment":[{"href":"https:\/\/alz.pm\/es\/wp-json\/wp\/v2\/media?parent=376"}],"curies":[{"name":"wp","href":"https:\/\/api.w.org\/{rel}","templated":true}]}}