
{"id":378,"date":"2022-07-03T05:45:24","date_gmt":"2022-07-03T03:45:24","guid":{"rendered":"https:\/\/alz.pm\/web2\/legal\/"},"modified":"2025-01-26T12:49:17","modified_gmt":"2025-01-26T10:49:17","slug":"legal","status":"publish","type":"page","link":"https:\/\/alz.pm\/ca\/legal\/","title":{"rendered":"Legal"},"content":{"rendered":"\t\t<div data-elementor-type=\"wp-page\" data-elementor-id=\"378\" class=\"elementor elementor-378 elementor-149\" data-elementor-post-type=\"page\">\n\t\t\t\t\t\t<section class=\"elementor-section elementor-top-section elementor-element elementor-element-6f4aae3 elementor-section-boxed elementor-section-height-default elementor-section-height-default\" data-id=\"6f4aae3\" data-element_type=\"section\" data-e-type=\"section\">\n\t\t\t\t\t\t<div class=\"elementor-container elementor-column-gap-default\">\n\t\t\t\t\t<div class=\"elementor-column elementor-col-100 elementor-top-column elementor-element elementor-element-3dfbaa1\" data-id=\"3dfbaa1\" data-element_type=\"column\" data-e-type=\"column\">\n\t\t\t<div class=\"elementor-widget-wrap elementor-element-populated\">\n\t\t\t\t\t\t<div class=\"elementor-element elementor-element-7c2610c elementor-widget elementor-widget-heading\" data-id=\"7c2610c\" data-element_type=\"widget\" data-e-type=\"widget\" data-widget_type=\"heading.default\">\n\t\t\t\t<div class=\"elementor-widget-container\">\n\t\t\t\t\t<h1 class=\"elementor-heading-title elementor-size-default\">Av\u00eds Legal<\/h1>\t\t\t\t<\/div>\n\t\t\t\t<\/div>\n\t\t\t\t<div class=\"elementor-element elementor-element-976f5a3 elementor-widget elementor-widget-heading\" data-id=\"976f5a3\" data-element_type=\"widget\" data-e-type=\"widget\" data-widget_type=\"heading.default\">\n\t\t\t\t<div class=\"elementor-widget-container\">\n\t\t\t\t\t<h2 class=\"elementor-heading-title elementor-size-default\">Informaci\u00f3 sobre el lloc web<\/h2>\t\t\t\t<\/div>\n\t\t\t\t<\/div>\n\t\t\t\t<div class=\"elementor-element elementor-element-176ab04 elementor-widget elementor-widget-text-editor\" data-id=\"176ab04\" data-element_type=\"widget\" data-e-type=\"widget\" data-widget_type=\"text-editor.default\">\n\t\t\t\t<div class=\"elementor-widget-container\">\n\t\t\t\t\t\t\t\t\t<p>El lloc i les p\u00e0gines web sota el domini <b>alz.pm<\/b> s\u00f3n propietat d&#8217; <b>Angel Linares Zapater<\/b>, amb adre\u00e7a a Pla\u00e7a Universitat 3, 6 planta, 08007 Barcelona, i n\u00famero d&#8217;identificaci\u00f3 fiscal ES36978983C.<\/p>\n\t\t\t\t\t\t\t\t<\/div>\n\t\t\t\t<\/div>\n\t\t\t\t<div class=\"elementor-element elementor-element-b51dcb9 elementor-widget elementor-widget-heading\" data-id=\"b51dcb9\" data-element_type=\"widget\" data-e-type=\"widget\" data-widget_type=\"heading.default\">\n\t\t\t\t<div class=\"elementor-widget-container\">\n\t\t\t\t\t<h5 class=\"elementor-heading-title elementor-size-default\">Contacte:<\/h5>\t\t\t\t<\/div>\n\t\t\t\t<\/div>\n\t\t\t\t<div class=\"elementor-element elementor-element-d442b0d elementor-widget elementor-widget-text-editor\" data-id=\"d442b0d\" data-element_type=\"widget\" data-e-type=\"widget\" data-widget_type=\"text-editor.default\">\n\t\t\t\t<div class=\"elementor-widget-container\">\n\t\t\t\t\t\t\t\t\t<p>Per qualsevol q\u00fcesti\u00f3 relacionada amb aquest lloc web, si us plau, contacteu amb <a href=\"mailto:alinaresz@alz.pm\">alinaresz@alz.pm<\/a><\/p>\n\t\t\t\t\t\t\t\t<\/div>\n\t\t\t\t<\/div>\n\t\t\t\t<div class=\"elementor-element elementor-element-6e0b2c2 elementor-widget elementor-widget-heading\" data-id=\"6e0b2c2\" data-element_type=\"widget\" data-e-type=\"widget\" data-widget_type=\"heading.default\">\n\t\t\t\t<div class=\"elementor-widget-container\">\n\t\t\t\t\t<h2 class=\"elementor-heading-title elementor-size-default\">Condicions d\u2019\u00fas<\/h2>\t\t\t\t<\/div>\n\t\t\t\t<\/div>\n\t\t\t\t<div class=\"elementor-element elementor-element-9d209a3 elementor-widget elementor-widget-text-editor\" data-id=\"9d209a3\" data-element_type=\"widget\" data-e-type=\"widget\" data-widget_type=\"text-editor.default\">\n\t\t\t\t<div class=\"elementor-widget-container\">\n\t\t\t\t\t\t\t\t\t<p>Aquestes p\u00e0gines es proporcionen a t\u00edtol informatiu i no suposen cap servei, contracte o acord amb el visitant.<\/p>\n\t\t\t\t\t\t\t\t<\/div>\n\t\t\t\t<\/div>\n\t\t\t\t<div class=\"elementor-element elementor-element-781c594 elementor-widget elementor-widget-heading\" data-id=\"781c594\" data-element_type=\"widget\" data-e-type=\"widget\" data-widget_type=\"heading.default\">\n\t\t\t\t<div class=\"elementor-widget-container\">\n\t\t\t\t\t<h2 class=\"elementor-heading-title elementor-size-default\">Pol\u00edtica de privacitat<\/h2>\t\t\t\t<\/div>\n\t\t\t\t<\/div>\n\t\t\t\t<div class=\"elementor-element elementor-element-3050fb4 elementor-widget elementor-widget-text-editor\" data-id=\"3050fb4\" data-element_type=\"widget\" data-e-type=\"widget\" data-widget_type=\"text-editor.default\">\n\t\t\t\t<div class=\"elementor-widget-container\">\n\t\t\t\t\t\t\t\t\t<p>Aquest lloc web no requereix d\u2019enregistrament i no recull cap dada personal.<\/p>\n\t\t\t\t\t\t\t\t<\/div>\n\t\t\t\t<\/div>\n\t\t\t\t<div class=\"elementor-element elementor-element-2a2f934 elementor-widget elementor-widget-heading\" data-id=\"2a2f934\" data-element_type=\"widget\" data-e-type=\"widget\" data-widget_type=\"heading.default\">\n\t\t\t\t<div class=\"elementor-widget-container\">\n\t\t\t\t\t<h2 class=\"elementor-heading-title elementor-size-default\">Pol\u00edtica de cookies<\/h2>\t\t\t\t<\/div>\n\t\t\t\t<\/div>\n\t\t\t\t<div class=\"elementor-element elementor-element-2fd9a7d elementor-widget elementor-widget-text-editor\" data-id=\"2fd9a7d\" data-element_type=\"widget\" data-e-type=\"widget\" data-widget_type=\"text-editor.default\">\n\t\t\t\t<div class=\"elementor-widget-container\">\n\t\t\t\t\t\t\t\t\tAquest servei usa <a href=\"https:\/\/en.wikipedia.org\/wiki\/HTTP_cookie\" target=\"_blank\" rel=\"noreferrer noopener\">web cookies<\/a> de tercers per amb finalitats operatius.\n\nLes seg\u00fcents galetes de tercers s&#8217;empren en el lloc web:\t\t\t\t\t\t\t\t<\/div>\n\t\t\t\t<\/div>\n\t\t\t\t<div class=\"elementor-element elementor-element-9b8887b elementor-widget elementor-widget-heading\" data-id=\"9b8887b\" data-element_type=\"widget\" data-e-type=\"widget\" data-widget_type=\"heading.default\">\n\t\t\t\t<div class=\"elementor-widget-container\">\n\t\t\t\t\t<h5 class=\"elementor-heading-title elementor-size-default\">Google Analytics:<\/h5>\t\t\t\t<\/div>\n\t\t\t\t<\/div>\n\t\t\t\t<div class=\"elementor-element elementor-element-c18f496 elementor-widget elementor-widget-text-editor\" data-id=\"c18f496\" data-element_type=\"widget\" data-e-type=\"widget\" data-widget_type=\"text-editor.default\">\n\t\t\t\t<div class=\"elementor-widget-container\">\n\t\t\t\t\t\t\t\t\t<p>Aquest lloc web usa galetes anonimitzades per part de <a href=\"https:\/\/www.google.com\/analytics\" target=\"_blank\" rel=\"noreferrer noopener\">Google Analytics<\/a> amb finalitat d\u2019anal\u00edtica web. Aix\u00f2 significa que l\u2019adre\u00e7a IP espec\u00edfica de l\u2019ordinador del visitant no s\u2019emmagatzema per <a href=\"https:\/\/support.google.com\/analytics\/answer\/2763052?hl=en%20#\" target=\"_blank\" rel=\"noreferrer noopener\">Google Analytics<\/a>.<\/p>\n\t\t\t\t\t\t\t\t<\/div>\n\t\t\t\t<\/div>\n\t\t\t\t<div class=\"elementor-element elementor-element-11bfb27 elementor-widget elementor-widget-heading\" data-id=\"11bfb27\" data-element_type=\"widget\" data-e-type=\"widget\" data-widget_type=\"heading.default\">\n\t\t\t\t<div class=\"elementor-widget-container\">\n\t\t\t\t\t<h5 class=\"elementor-heading-title elementor-size-default\">WordPress:<\/h5>\t\t\t\t<\/div>\n\t\t\t\t<\/div>\n\t\t\t\t<div class=\"elementor-element elementor-element-c9e8cc9 elementor-widget elementor-widget-text-editor\" data-id=\"c9e8cc9\" data-element_type=\"widget\" data-e-type=\"widget\" data-widget_type=\"text-editor.default\">\n\t\t\t\t<div class=\"elementor-widget-container\">\n\t\t\t\t\t\t\t\t\t<p>Aquest lloc web usa cookies necess\u00e0ries per a WordPress i altres plugins relacionats per a emmagatzemar configuracions de funcionalitat (p.e., l\u2019idioma seleccionat per l\u2019usuari).<\/p>\n\t\t\t\t\t\t\t\t<\/div>\n\t\t\t\t<\/div>\n\t\t\t\t\t<\/div>\n\t\t<\/div>\n\t\t\t\t\t<\/div>\n\t\t<\/section>\n\t\t\t\t<\/div>\n\t\t","protected":false},"excerpt":{"rendered":"<p>Av\u00eds Legal Informaci\u00f3 sobre el lloc web El lloc i les p\u00e0gines web sota el domini alz.pm s\u00f3n propietat d&#8217; Angel Linares Zapater, amb adre\u00e7a a Pla\u00e7a Universitat 3, 6 planta, 08007 Barcelona, i n\u00famero d&#8217;identificaci\u00f3 fiscal ES36978983C. Contacte: Per qualsevol q\u00fcesti\u00f3 relacionada amb aquest lloc web, si us plau, contacteu amb alinaresz@alz.pm Condicions d\u2019\u00fas [&hellip;]<\/p>\n","protected":false},"author":1,"featured_media":0,"parent":0,"menu_order":0,"comment_status":"closed","ping_status":"closed","template":"elementor_header_footer","meta":{"footnotes":""},"class_list":["post-378","page","type-page","status-publish","hentry"],"_links":{"self":[{"href":"https:\/\/alz.pm\/ca\/wp-json\/wp\/v2\/pages\/378","targetHints":{"allow":["GET"]}}],"collection":[{"href":"https:\/\/alz.pm\/ca\/wp-json\/wp\/v2\/pages"}],"about":[{"href":"https:\/\/alz.pm\/ca\/wp-json\/wp\/v2\/types\/page"}],"author":[{"embeddable":true,"href":"https:\/\/alz.pm\/ca\/wp-json\/wp\/v2\/users\/1"}],"replies":[{"embeddable":true,"href":"https:\/\/alz.pm\/ca\/wp-json\/wp\/v2\/comments?post=378"}],"version-history":[{"count":13,"href":"https:\/\/alz.pm\/ca\/wp-json\/wp\/v2\/pages\/378\/revisions"}],"predecessor-version":[{"id":1135,"href":"https:\/\/alz.pm\/ca\/wp-json\/wp\/v2\/pages\/378\/revisions\/1135"}],"wp:attachment":[{"href":"https:\/\/alz.pm\/ca\/wp-json\/wp\/v2\/media?parent=378"}],"curies":[{"name":"wp","href":"https:\/\/api.w.org\/{rel}","templated":true}]}}