
{"id":372,"date":"2022-06-26T06:04:01","date_gmt":"2022-06-26T04:04:01","guid":{"rendered":"https:\/\/alz.pm\/web2\/quant-a\/"},"modified":"2025-04-29T08:56:52","modified_gmt":"2025-04-29T06:56:52","slug":"quant-a","status":"publish","type":"page","link":"https:\/\/alz.pm\/ca\/","title":{"rendered":"Quant a"},"content":{"rendered":"\t\t<div data-elementor-type=\"wp-post\" data-elementor-id=\"372\" class=\"elementor elementor-372 elementor-11\" data-elementor-post-type=\"page\">\n\t\t\t\t\t\t<section class=\"elementor-section elementor-top-section elementor-element elementor-element-aad84ba elementor-section-boxed elementor-section-height-default elementor-section-height-default\" data-id=\"aad84ba\" data-element_type=\"section\" data-e-type=\"section\">\n\t\t\t\t\t\t<div class=\"elementor-container elementor-column-gap-default\">\n\t\t\t\t\t<div class=\"elementor-column elementor-col-100 elementor-top-column elementor-element elementor-element-ea2e3ab\" data-id=\"ea2e3ab\" data-element_type=\"column\" data-e-type=\"column\">\n\t\t\t<div class=\"elementor-widget-wrap elementor-element-populated\">\n\t\t\t\t\t\t<section class=\"elementor-section elementor-inner-section elementor-element elementor-element-696ccae elementor-section-boxed elementor-section-height-default elementor-section-height-default\" data-id=\"696ccae\" data-element_type=\"section\" data-e-type=\"section\">\n\t\t\t\t\t\t<div class=\"elementor-container elementor-column-gap-default\">\n\t\t\t\t\t<div class=\"elementor-column elementor-col-50 elementor-inner-column elementor-element elementor-element-1647a59\" data-id=\"1647a59\" data-element_type=\"column\" data-e-type=\"column\">\n\t\t\t<div class=\"elementor-widget-wrap elementor-element-populated\">\n\t\t\t\t\t\t<div class=\"elementor-element elementor-element-81e9eb0 elementor-widget elementor-widget-image\" data-id=\"81e9eb0\" data-element_type=\"widget\" data-e-type=\"widget\" data-widget_type=\"image.default\">\n\t\t\t\t<div class=\"elementor-widget-container\">\n\t\t\t\t\t\t\t\t\t\t\t\t\t\t\t<img fetchpriority=\"high\" decoding=\"async\" width=\"225\" height=\"300\" src=\"https:\/\/alz.pm\/wp-content\/uploads\/2022\/06\/ALZ3-225x300.jpg\" class=\"attachment-medium size-medium wp-image-353\" alt=\"\" srcset=\"https:\/\/alz.pm\/wp-content\/uploads\/2022\/06\/ALZ3-225x300.jpg 225w, https:\/\/alz.pm\/wp-content\/uploads\/2022\/06\/ALZ3-768x1024.jpg 768w, https:\/\/alz.pm\/wp-content\/uploads\/2022\/06\/ALZ3-1152x1536.jpg 1152w, https:\/\/alz.pm\/wp-content\/uploads\/2022\/06\/ALZ3-1536x2048.jpg 1536w, https:\/\/alz.pm\/wp-content\/uploads\/2022\/06\/ALZ3-scaled-e1656218258653.jpg 200w\" sizes=\"(max-width: 225px) 100vw, 225px\" \/>\t\t\t\t\t\t\t\t\t\t\t\t\t\t\t<\/div>\n\t\t\t\t<\/div>\n\t\t\t\t<div class=\"elementor-element elementor-element-039ee26 elementor-shape-circle elementor-grid-0 e-grid-align-center elementor-widget elementor-widget-social-icons\" data-id=\"039ee26\" data-element_type=\"widget\" data-e-type=\"widget\" data-widget_type=\"social-icons.default\">\n\t\t\t\t<div class=\"elementor-widget-container\">\n\t\t\t\t\t\t\t<div class=\"elementor-social-icons-wrapper elementor-grid\" role=\"list\">\n\t\t\t\t\t\t\t<span class=\"elementor-grid-item\" role=\"listitem\">\n\t\t\t\t\t<a class=\"elementor-icon elementor-social-icon elementor-social-icon-linkedin elementor-repeater-item-297098f\" href=\"https:\/\/www.linkedin.com\/in\/angellinareszapater\/\" target=\"_blank\">\n\t\t\t\t\t\t<span class=\"elementor-screen-only\">Linkedin<\/span>\n\t\t\t\t\t\t<i aria-hidden=\"true\" class=\"fab fa-linkedin\"><\/i>\t\t\t\t\t<\/a>\n\t\t\t\t<\/span>\n\t\t\t\t\t\t\t<span class=\"elementor-grid-item\" role=\"listitem\">\n\t\t\t\t\t<a class=\"elementor-icon elementor-social-icon elementor-social-icon-twitter elementor-repeater-item-3a663ed\" href=\"https:\/\/twitter.com\/ALinaresZ\" target=\"_blank\">\n\t\t\t\t\t\t<span class=\"elementor-screen-only\">Twitter<\/span>\n\t\t\t\t\t\t<i aria-hidden=\"true\" class=\"fab fa-twitter\"><\/i>\t\t\t\t\t<\/a>\n\t\t\t\t<\/span>\n\t\t\t\t\t\t\t<span class=\"elementor-grid-item\" role=\"listitem\">\n\t\t\t\t\t<a class=\"elementor-icon elementor-social-icon elementor-social-icon-github elementor-repeater-item-a78c69b\" href=\"https:\/\/github.com\/ALinaresZ\" target=\"_blank\">\n\t\t\t\t\t\t<span class=\"elementor-screen-only\">Github<\/span>\n\t\t\t\t\t\t<i aria-hidden=\"true\" class=\"fab fa-github\"><\/i>\t\t\t\t\t<\/a>\n\t\t\t\t<\/span>\n\t\t\t\t\t<\/div>\n\t\t\t\t\t\t<\/div>\n\t\t\t\t<\/div>\n\t\t\t\t\t<\/div>\n\t\t<\/div>\n\t\t\t\t<div class=\"elementor-column elementor-col-50 elementor-inner-column elementor-element elementor-element-4663da3\" data-id=\"4663da3\" data-element_type=\"column\" data-e-type=\"column\">\n\t\t\t<div class=\"elementor-widget-wrap elementor-element-populated\">\n\t\t\t\t\t\t<div class=\"elementor-element elementor-element-dd5ca13 elementor-widget elementor-widget-text-editor\" data-id=\"dd5ca13\" data-element_type=\"widget\" data-e-type=\"widget\" data-widget_type=\"text-editor.default\">\n\t\t\t\t<div class=\"elementor-widget-container\">\n\t\t\t\t\t\t\t\t\t<p>\u00c0ngel Linares \u00e9s Enginyer en Inform\u00e0tica, amb un m\u00e0ster universitari en Seguretat de les TIC i certificacions professionals en gesti\u00f3 de projectes (PMP), Scrum framework (PSM I), gesti\u00f3 de serveis TI (ITIL) i seguretat al cloud (AWS Security).<\/p>\n<p>Amb m\u00e9s de 35 anys d\u2019experi\u00e8ncia professional en enginyeria del software, gesti\u00f3 de projectes TI i en gesti\u00f3 empresarial en l\u2019\u00e0mbit de les Tecnologies de la Informaci\u00f3, treballa amb equips i empreses per a dur llurs projectes TI des de la idea fins a producci\u00f3 amb la combinaci\u00f3 adient de coneixements t\u00e8cnics actualitzats, mentalitat de negoci i simple sentit com\u00fa.<\/p>\n<p>Despr\u00e9s de comen\u00e7ar treballant com a desenvolupador de software, ha ocupat llocs de responsabilitat en planificaci\u00f3 i desenvolupament de projectes TI en v\u00e0ries companyies. Tamb\u00e9 va posar en marxa i va gestionar una empresa de serveis TI a l\u2019\u00e0rea de Barcelona durant 18 anys. Previously, in the early 90\u2019s, he ran a dot-com project. A m\u00e9s de les seves obligacions professionales, participa en el desenvolupament i gesti\u00f3 de projectes de codi obert.   <\/p>\n<p>Perpetu estudiant d\u2019inform\u00e0tica, ci\u00e8ncies i gesti\u00f3 empresarial, tamb\u00e9 ha col\u00b7laborat com a professor associat a la <em>Universitat Polit\u00e8cnica de Catalunya<\/em> (UPC) impartint classes en l\u2019\u00e0mbit de la planificaci\u00f3, desenvolupament i gesti\u00f3 de projectes de sistemes d\u2019informaci\u00f3 a la Facultat d\u2019Inform\u00e0tica de Barcelona. Actualment \u00e9s professor consultor a la <em>Universitat Oberta de Catalunya<\/em> (UOC), dirigint treballs de final de master al M\u00e0ster en Seguretat de les TIC. <\/p>\n<p>Realitza les seves activitats de planificaci\u00f3 i de desenvolupament de projectes TI com a consultor extern o com a empleat segons les necessitats del projecte, de forma totalment remota a nivell internacional o presencial a Barcelona.<\/p>\t\t\t\t\t\t\t\t<\/div>\n\t\t\t\t<\/div>\n\t\t\t\t\t<\/div>\n\t\t<\/div>\n\t\t\t\t\t<\/div>\n\t\t<\/section>\n\t\t\t\t\t<\/div>\n\t\t<\/div>\n\t\t\t\t\t<\/div>\n\t\t<\/section>\n\t\t\t\t<\/div>\n\t\t","protected":false},"excerpt":{"rendered":"<p>Linkedin Twitter Github \u00c0ngel Linares \u00e9s Enginyer en Inform\u00e0tica, amb un m\u00e0ster universitari en Seguretat de les TIC i certificacions professionals en gesti\u00f3 de projectes (PMP), Scrum framework (PSM I), gesti\u00f3 de serveis TI (ITIL) i seguretat al cloud (AWS Security). Amb m\u00e9s de 35 anys d\u2019experi\u00e8ncia professional en enginyeria del software, gesti\u00f3 de projectes [&hellip;]<\/p>\n","protected":false},"author":1,"featured_media":0,"parent":0,"menu_order":0,"comment_status":"closed","ping_status":"closed","template":"elementor_header_footer","meta":{"footnotes":""},"class_list":["post-372","page","type-page","status-publish","hentry"],"_links":{"self":[{"href":"https:\/\/alz.pm\/ca\/wp-json\/wp\/v2\/pages\/372","targetHints":{"allow":["GET"]}}],"collection":[{"href":"https:\/\/alz.pm\/ca\/wp-json\/wp\/v2\/pages"}],"about":[{"href":"https:\/\/alz.pm\/ca\/wp-json\/wp\/v2\/types\/page"}],"author":[{"embeddable":true,"href":"https:\/\/alz.pm\/ca\/wp-json\/wp\/v2\/users\/1"}],"replies":[{"embeddable":true,"href":"https:\/\/alz.pm\/ca\/wp-json\/wp\/v2\/comments?post=372"}],"version-history":[{"count":17,"href":"https:\/\/alz.pm\/ca\/wp-json\/wp\/v2\/pages\/372\/revisions"}],"predecessor-version":[{"id":1147,"href":"https:\/\/alz.pm\/ca\/wp-json\/wp\/v2\/pages\/372\/revisions\/1147"}],"wp:attachment":[{"href":"https:\/\/alz.pm\/ca\/wp-json\/wp\/v2\/media?parent=372"}],"curies":[{"name":"wp","href":"https:\/\/api.w.org\/{rel}","templated":true}]}}